{"id":5142,"date":"2023-09-19T15:41:24","date_gmt":"2023-09-19T13:41:24","guid":{"rendered":"https:\/\/thememobook.si\/izdelek\/spominska-skatla-ob-rojstvu-otroka\/"},"modified":"2026-01-08T12:47:37","modified_gmt":"2026-01-08T11:47:37","slug":"kutija-uspomena-s-imenom","status":"publish","type":"product","link":"https:\/\/thememobook.si\/hr\/proizvod\/kutija-uspomena-s-imenom\/","title":{"rendered":"Kutija uspomena s imenom"},"content":{"rendered":"\t\t<div data-elementor-type=\"product-post\" data-elementor-id=\"5142\" class=\"elementor elementor-5142 elementor-3847\">\n\t\t\t\t<div class=\"elementor-element elementor-element-1e1fc1d e-flex e-con-boxed e-con e-parent\" data-id=\"1e1fc1d\" data-element_type=\"container\">\n\t\t\t\t\t<div class=\"e-con-inner\">\n\t\t<div class=\"elementor-element elementor-element-0432c2d e-con-full e-flex e-con e-parent\" data-id=\"0432c2d\" data-element_type=\"container\">\n\t\t\t\t<div class=\"elementor-element elementor-element-cf1c01b elementor-widget elementor-widget-heading\" data-id=\"cf1c01b\" data-element_type=\"widget\" data-widget_type=\"heading.default\">\n\t\t\t\t<div class=\"elementor-widget-container\">\n\t\t\t\t\t<h3 class=\"elementor-heading-title elementor-size-default\">Specifikacije<\/h3>\t\t\t\t<\/div>\n\t\t\t\t<\/div>\n\t\t\t\t<div class=\"elementor-element elementor-element-9605ddd elementor-widget elementor-widget-text-editor\" data-id=\"9605ddd\" data-element_type=\"widget\" data-widget_type=\"text-editor.default\">\n\t\t\t\t<div class=\"elementor-widget-container\">\n\t\t\t\t\t\t\t\t\t<table class=\"woocommerce-product-attributes shop_attributes\">\n<tbody>\n<tr class=\"woocommerce-product-attributes-item woocommerce-product-attributes-item--attribute_barva-platnic\">\n<th class=\"woocommerce-product-attributes-item__label\">Boja<\/th>\n<td class=\"woocommerce-product-attributes-item__value\">Bijela<\/td>\n<\/tr>\n<tr class=\"woocommerce-product-attributes-item woocommerce-product-attributes-item--attribute_dimenzije-knjige\">\n<th class=\"woocommerce-product-attributes-item__label\">Dimenzije<\/th>\n<td class=\"woocommerce-product-attributes-item__value\">33.5cm*26cm*9cm<\/td>\n<\/tr>\n<tr class=\"woocommerce-product-attributes-item woocommerce-product-attributes-item--attribute_%c5%a1tevilo-strani\">\n<th class=\"woocommerce-product-attributes-item__label\">Material<\/th>\n<td class=\"woocommerce-product-attributes-item__value\">Tvrdi karton 250g, premazani papir, biorazgradiv<\/td>\n<\/tr>\n<tr class=\"woocommerce-product-attributes-item woocommerce-product-attributes-item--attribute_prostor-za-fotografije\">\n<th class=\"woocommerce-product-attributes-item__label\">Posebnosti<\/th>\n<td class=\"woocommerce-product-attributes-item__value\">Magnetno zatvaranje i ma\u0161na<\/td>\n<\/tr>\n<tr class=\"woocommerce-product-attributes-item woocommerce-product-attributes-item--attribute_pa_ime\">\n<th class=\"woocommerce-product-attributes-item__label\">Personalizacija<\/th>\n<td class=\"woocommerce-product-attributes-item__value\">Sjajni zlatotisk u zlatni ili srebrni boji<\/td>\n<\/tr>\n<\/tbody>\n<\/table>\t\t\t\t\t\t\t\t<\/div>\n\t\t\t\t<\/div>\n\t\t\t\t<\/div>\n\t\t<div class=\"elementor-element elementor-element-86d2ad3 e-con-full e-flex e-con e-parent\" data-id=\"86d2ad3\" data-element_type=\"container\">\n\t\t\t\t<div class=\"elementor-element elementor-element-0704efa elementor-widget elementor-widget-heading\" data-id=\"0704efa\" data-element_type=\"widget\" data-widget_type=\"heading.default\">\n\t\t\t\t<div class=\"elementor-widget-container\">\n\t\t\t\t\t<h3 class=\"elementor-heading-title elementor-size-default\">Dostava i va\u017ene informacije<\/h3>\t\t\t\t<\/div>\n\t\t\t\t<\/div>\n\t\t\t\t<div class=\"elementor-element elementor-element-c6f4c7a elementor-widget elementor-widget-text-editor\" data-id=\"c6f4c7a\" data-element_type=\"widget\" data-widget_type=\"text-editor.default\">\n\t\t\t\t<div class=\"elementor-widget-container\">\n\t\t\t\t\t\t\t\t\t<p>Isporuka personaliziranih proizvoda je za\u00a0<strong>3-5 radnih dana<\/strong>\u00a0od primitka uplate. Pakete dostavlja dostavna slu\u017eba GLS Hrvatska.<\/p><p>Personaliziranih proizvoda nije mogu\u0107e vratiti niti zamijeniti, osim u slu\u010daju materijalne \u0161tete ili nedostatka.<\/p>\t\t\t\t\t\t\t\t<\/div>\n\t\t\t\t<\/div>\n\t\t\t\t<\/div>\n\t\t\t\t\t<\/div>\n\t\t\t\t<\/div>\n\t\t\t\t<\/div>\n\t\t","protected":false},"excerpt":{"rendered":"<p><strong>Personalizirana kutija za pohranu bebinih uspomena.<\/strong><\/p>\n<p>Kutija uspomena je vi\u0161e od lijepog predmeta. U njoj \u0107e roditelji \u010duvati mnoge <strong>dragocjene uspomene, fotografije i druge predmete<\/strong> kao \u0161to su bebina prva odje\u0107a, prve cipelice, narukvice iz rodili\u0161ta, dudu.<\/p>\n<p>Kutija je dovoljno velika da mo\u017eete u njoj pohraniti sve na\u0161e albume uspomena. Ima <strong>magnetsko zatvaranje<\/strong> i <strong>ukrasnu ma\u0161nu<\/strong> pa je pogodna i kao poklon kutija!<\/p>\n<p>&nbsp;<\/p>\n","protected":false},"featured_media":6378,"template":"","meta":{"inline_featured_image":false},"product_brand":[],"product_cat":[81],"product_tag":[],"class_list":{"0":"post-5142","1":"product","2":"type-product","3":"status-publish","4":"has-post-thumbnail","6":"product_cat-spominska-skatla-hr","8":"first","9":"instock","10":"shipping-taxable","11":"purchasable","12":"product-type-simple"},"jetpack_sharing_enabled":true,"_links":{"self":[{"href":"https:\/\/thememobook.si\/hr\/wp-json\/wp\/v2\/product\/5142","targetHints":{"allow":["GET"]}}],"collection":[{"href":"https:\/\/thememobook.si\/hr\/wp-json\/wp\/v2\/product"}],"about":[{"href":"https:\/\/thememobook.si\/hr\/wp-json\/wp\/v2\/types\/product"}],"version-history":[{"count":12,"href":"https:\/\/thememobook.si\/hr\/wp-json\/wp\/v2\/product\/5142\/revisions"}],"predecessor-version":[{"id":9502,"href":"https:\/\/thememobook.si\/hr\/wp-json\/wp\/v2\/product\/5142\/revisions\/9502"}],"wp:featuredmedia":[{"embeddable":true,"href":"https:\/\/thememobook.si\/hr\/wp-json\/wp\/v2\/media\/6378"}],"wp:attachment":[{"href":"https:\/\/thememobook.si\/hr\/wp-json\/wp\/v2\/media?parent=5142"}],"wp:term":[{"taxonomy":"product_brand","embeddable":true,"href":"https:\/\/thememobook.si\/hr\/wp-json\/wp\/v2\/product_brand?post=5142"},{"taxonomy":"product_cat","embeddable":true,"href":"https:\/\/thememobook.si\/hr\/wp-json\/wp\/v2\/product_cat?post=5142"},{"taxonomy":"product_tag","embeddable":true,"href":"https:\/\/thememobook.si\/hr\/wp-json\/wp\/v2\/product_tag?post=5142"}],"curies":[{"name":"wp","href":"https:\/\/api.w.org\/{rel}","templated":true}]}}