{"id":5027,"date":"2024-01-24T09:14:18","date_gmt":"2024-01-24T08:14:18","guid":{"rendered":"https:\/\/thememobook.si\/izdelek\/album-za-baby-shower-2\/"},"modified":"2026-01-08T12:41:39","modified_gmt":"2026-01-08T11:41:39","slug":"album-za-baby-shower","status":"publish","type":"product","link":"https:\/\/thememobook.si\/hr\/proizvod\/album-za-baby-shower\/","title":{"rendered":"Album za BABY SHOWER"},"content":{"rendered":"\t\t<div data-elementor-type=\"product-post\" data-elementor-id=\"5027\" class=\"elementor elementor-5027 elementor-4697\">\n\t\t\t\t<div class=\"elementor-element elementor-element-1e1fc1d e-flex e-con-boxed e-con e-parent\" data-id=\"1e1fc1d\" data-element_type=\"container\">\n\t\t\t\t\t<div class=\"e-con-inner\">\n\t\t<div class=\"elementor-element elementor-element-0432c2d e-con-full e-flex e-con e-parent\" data-id=\"0432c2d\" data-element_type=\"container\">\n\t\t\t\t<div class=\"elementor-element elementor-element-cf1c01b elementor-widget elementor-widget-heading\" data-id=\"cf1c01b\" data-element_type=\"widget\" data-widget_type=\"heading.default\">\n\t\t\t\t<div class=\"elementor-widget-container\">\n\t\t\t\t\t<h3 class=\"elementor-heading-title elementor-size-default\">Sadr\u017eaj<\/h3>\t\t\t\t<\/div>\n\t\t\t\t<\/div>\n\t\t\t\t<div class=\"elementor-element elementor-element-9605ddd elementor-widget elementor-widget-text-editor\" data-id=\"9605ddd\" data-element_type=\"widget\" data-widget_type=\"text-editor.default\">\n\t\t\t\t<div class=\"elementor-widget-container\">\n\t\t\t\t\t\t\t\t\t<p>Album sadr\u017ei\u00a0<strong>60 praznih stranica<\/strong>\u00a0na kojima mo\u017eete napisati svoje\u00a0<strong>\u017eelje za budu\u0107u majku<\/strong>\u00a0i zalijepiti\u00a0<strong>va\u0161e zajedni\u010dke fotografije<\/strong>.<\/p><p>U setu uz album mo\u017eete odabrati i <b>naljepnice s pretpostavkama o bebi <\/b>koje se nakon popunjavanja jednostavno naljepe u album.<\/p>\t\t\t\t\t\t\t\t<\/div>\n\t\t\t\t<\/div>\n\t\t\t\t<\/div>\n\t\t<div class=\"elementor-element elementor-element-86d2ad3 e-con-full e-flex e-con e-parent\" data-id=\"86d2ad3\" data-element_type=\"container\">\n\t\t\t\t<div class=\"elementor-element elementor-element-0704efa elementor-widget elementor-widget-heading\" data-id=\"0704efa\" data-element_type=\"widget\" data-widget_type=\"heading.default\">\n\t\t\t\t<div class=\"elementor-widget-container\">\n\t\t\t\t\t<h3 class=\"elementor-heading-title elementor-size-default\">Specifikacije<\/h3>\t\t\t\t<\/div>\n\t\t\t\t<\/div>\n\t\t\t\t<div class=\"elementor-element elementor-element-c6f4c7a elementor-widget elementor-widget-text-editor\" data-id=\"c6f4c7a\" data-element_type=\"widget\" data-widget_type=\"text-editor.default\">\n\t\t\t\t<div class=\"elementor-widget-container\">\n\t\t\t\t\t\t\t\t\t<table class=\"woocommerce-product-attributes shop_attributes\"><tbody><tr class=\"woocommerce-product-attributes-item woocommerce-product-attributes-item--attribute_barva-platnic\"><th class=\"woocommerce-product-attributes-item__label\">Boja korica<\/th><td class=\"woocommerce-product-attributes-item__value\">Bijela s bisernim efektom<\/td><\/tr><tr class=\"woocommerce-product-attributes-item woocommerce-product-attributes-item--attribute_dimenzije-knjige\"><th class=\"woocommerce-product-attributes-item__label\">Dimenzije\u00a0<\/th><td class=\"woocommerce-product-attributes-item__value\"><p>A4 horizontalnog usmjerjenja 29,7cm*21cm<\/p><\/td><\/tr><tr class=\"woocommerce-product-attributes-item woocommerce-product-attributes-item--attribute_%c5%a1tevilo-strani\"><th class=\"woocommerce-product-attributes-item__label\">Opseg<\/th><td class=\"woocommerce-product-attributes-item__value\"><p>30 listova\/60 stranica, 120g papir<\/p><\/td><\/tr><tr class=\"woocommerce-product-attributes-item woocommerce-product-attributes-item--attribute_prostor-za-fotografije\"><th class=\"woocommerce-product-attributes-item__label\">Personalizacija<\/th><td class=\"woocommerce-product-attributes-item__value\">Sjajni zlatotisk u zlatni ili srebrni boji<\/td><\/tr><tr class=\"woocommerce-product-attributes-item woocommerce-product-attributes-item--attribute_pa_ime\"><th class=\"woocommerce-product-attributes-item__label\">Tvrdi uvez<\/th><td class=\"woocommerce-product-attributes-item__value\">Proizvedeno u Sloveniji<\/td><\/tr><\/tbody><\/table>\t\t\t\t\t\t\t\t<\/div>\n\t\t\t\t<\/div>\n\t\t\t\t<\/div>\n\t\t\t\t\t<\/div>\n\t\t\t\t<\/div>\n\t\t<div class=\"elementor-element elementor-element-1aabc42 e-flex e-con-boxed e-con e-parent\" data-id=\"1aabc42\" data-element_type=\"container\">\n\t\t\t\t\t<div class=\"e-con-inner\">\n\t\t<div class=\"elementor-element elementor-element-6e02173 e-con-full e-flex e-con e-parent\" data-id=\"6e02173\" data-element_type=\"container\">\n\t\t\t\t<div class=\"elementor-element elementor-element-6ea7663 elementor-widget elementor-widget-heading\" data-id=\"6ea7663\" data-element_type=\"widget\" data-widget_type=\"heading.default\">\n\t\t\t\t<div class=\"elementor-widget-container\">\n\t\t\t\t\t<h3 class=\"elementor-heading-title elementor-size-default\">Savjeti za popunjavanje<\/h3>\t\t\t\t<\/div>\n\t\t\t\t<\/div>\n\t\t\t\t<div class=\"elementor-element elementor-element-4b00e49 elementor-widget elementor-widget-text-editor\" data-id=\"4b00e49\" data-element_type=\"widget\" data-widget_type=\"text-editor.default\">\n\t\t\t\t<div class=\"elementor-widget-container\">\n\t\t\t\t\t\t\t\t\t<p><span class=\"OYPEnA text-decoration-none text-strikethrough-none\">Koristite kemijsku olovku koja se ne razmazuje i ne ostavlja tragove \u2013 preporu\u010damo isprobati olovku na mjestu gdje se ina\u010de zalijepi fotografija.<\/span>\u00a0<span class=\"OYPEnA text-decoration-none text-strikethrough-none\">Za lijepljenje fotografija preporu\u010damo ljepljivu traku ili dvostrane foto naljepnice \u2013 nemojte koristiti teku\u0107e ljepilo.<\/span>\u00a0Album\u00a0<span class=\"OYPEnA text-decoration-none text-strikethrough-none\">\u010duvajte dalje od izravnog svjetla i vlage te u vodoravnom polo\u017eaju.<\/span><\/p>\t\t\t\t\t\t\t\t<\/div>\n\t\t\t\t<\/div>\n\t\t\t\t<\/div>\n\t\t<div class=\"elementor-element elementor-element-4fc0ced e-con-full e-flex e-con e-parent\" data-id=\"4fc0ced\" data-element_type=\"container\">\n\t\t\t\t<div class=\"elementor-element elementor-element-49e0769 elementor-widget elementor-widget-heading\" data-id=\"49e0769\" data-element_type=\"widget\" data-widget_type=\"heading.default\">\n\t\t\t\t<div class=\"elementor-widget-container\">\n\t\t\t\t\t<h3 class=\"elementor-heading-title elementor-size-default\">Dostava i va\u017ene informacije<\/h3>\t\t\t\t<\/div>\n\t\t\t\t<\/div>\n\t\t\t\t<div class=\"elementor-element elementor-element-52fee6a elementor-widget elementor-widget-text-editor\" data-id=\"52fee6a\" data-element_type=\"widget\" data-widget_type=\"text-editor.default\">\n\t\t\t\t<div class=\"elementor-widget-container\">\n\t\t\t\t\t\t\t\t\t<p>Isporuka personaliziranih proizvoda je za\u00a0<strong>3-5 radnih dana<\/strong>\u00a0od primitka uplate. Pakete dostavlja dostavna slu\u017eba GLS Hrvatska.<\/p><p>Personaliziranih proizvoda nije mogu\u0107e vratiti niti zamijeniti, osim u slu\u010daju materijalne \u0161tete ili nedostatka.<\/p>\t\t\t\t\t\t\t\t<\/div>\n\t\t\t\t<\/div>\n\t\t\t\t<\/div>\n\t\t\t\t\t<\/div>\n\t\t\t\t<\/div>\n\t\t\t\t<\/div>\n\t\t","protected":false},"excerpt":{"rendered":"<p><strong>Personalizirani album za baby shower zabavu.<\/strong><\/p>\n<p>Sadr\u017ei 30 praznih listova\/60 stranica na kojima mo\u017eete napisati <strong>svoje \u017eelje<\/strong> za budu\u0107u majku i zalijepiti va\u0161e <strong>zajedni\u010dke fotografije<\/strong>.<\/p>\n<p><em>Odabrati mo\u017eete i poklon set s personaliziranom kutijom i budu\u0107oj mami do\u010darati nezaboravnu zabavu prije dolaska bebe!<\/em><\/p>\n<p>&nbsp;<\/p>\n<p>&nbsp;<\/p>\n","protected":false},"featured_media":4851,"template":"","meta":{"inline_featured_image":false},"product_brand":[],"product_cat":[70],"product_tag":[],"class_list":{"0":"post-5027","1":"product","2":"type-product","3":"status-publish","4":"has-post-thumbnail","6":"product_cat-knjiga-hr","8":"first","9":"instock","10":"featured","11":"shipping-taxable","12":"purchasable","13":"product-type-simple"},"jetpack_sharing_enabled":true,"_links":{"self":[{"href":"https:\/\/thememobook.si\/hr\/wp-json\/wp\/v2\/product\/5027","targetHints":{"allow":["GET"]}}],"collection":[{"href":"https:\/\/thememobook.si\/hr\/wp-json\/wp\/v2\/product"}],"about":[{"href":"https:\/\/thememobook.si\/hr\/wp-json\/wp\/v2\/types\/product"}],"version-history":[{"count":19,"href":"https:\/\/thememobook.si\/hr\/wp-json\/wp\/v2\/product\/5027\/revisions"}],"predecessor-version":[{"id":7671,"href":"https:\/\/thememobook.si\/hr\/wp-json\/wp\/v2\/product\/5027\/revisions\/7671"}],"wp:featuredmedia":[{"embeddable":true,"href":"https:\/\/thememobook.si\/hr\/wp-json\/wp\/v2\/media\/4851"}],"wp:attachment":[{"href":"https:\/\/thememobook.si\/hr\/wp-json\/wp\/v2\/media?parent=5027"}],"wp:term":[{"taxonomy":"product_brand","embeddable":true,"href":"https:\/\/thememobook.si\/hr\/wp-json\/wp\/v2\/product_brand?post=5027"},{"taxonomy":"product_cat","embeddable":true,"href":"https:\/\/thememobook.si\/hr\/wp-json\/wp\/v2\/product_cat?post=5027"},{"taxonomy":"product_tag","embeddable":true,"href":"https:\/\/thememobook.si\/hr\/wp-json\/wp\/v2\/product_tag?post=5027"}],"curies":[{"name":"wp","href":"https:\/\/api.w.org\/{rel}","templated":true}]}}