{"id":5088,"date":"2023-10-25T15:44:41","date_gmt":"2023-10-25T13:44:41","guid":{"rendered":"https:\/\/thememobook.si\/kutije-uspomena\/"},"modified":"2026-02-09T21:33:00","modified_gmt":"2026-02-09T20:33:00","slug":"kutije-uspomena","status":"publish","type":"page","link":"https:\/\/thememobook.si\/hr\/kutije-uspomena\/","title":{"rendered":"Kutije uspomena"},"content":{"rendered":"\t\t<div data-elementor-type=\"wp-page\" data-elementor-id=\"5088\" class=\"elementor elementor-5088 elementor-4093\">\n\t\t\t\t<div class=\"elementor-element elementor-element-9178f1c e-flex e-con-boxed e-con e-parent\" data-id=\"9178f1c\" data-element_type=\"container\">\n\t\t\t\t\t<div class=\"e-con-inner\">\n\t\t\t\t<div class=\"elementor-element elementor-element-f8b05b5 elementor-widget elementor-widget-text-editor\" data-id=\"f8b05b5\" data-element_type=\"widget\" data-widget_type=\"text-editor.default\">\n\t\t\t\t<div class=\"elementor-widget-container\">\n\t\t\t\t\t\t\t\t\t<p><strong>PERSONALIZIRANE KUTIJE ZA POHRANU USPOMENA<\/strong><\/p>\n\t\t\t\t\t\t\t\t<\/div>\n\t\t\t\t<\/div>\n\t\t\t\t\t<\/div>\n\t\t\t\t<\/div>\n\t\t<div class=\"elementor-element elementor-element-ec545c7 e-flex e-con-boxed e-con e-parent\" data-id=\"ec545c7\" data-element_type=\"container\">\n\t\t\t\t\t<div class=\"e-con-inner\">\n\t\t\t\t<div class=\"elementor-element elementor-element-67e7c4c elementor-widget elementor-widget-text-editor\" data-id=\"67e7c4c\" data-element_type=\"widget\" data-widget_type=\"text-editor.default\">\n\t\t\t\t<div class=\"elementor-widget-container\">\n\t\t\t\t\t\t\t\t\t<p>Namijenjene su za pohranjivanje raznih dragocjenih suvenira i dovoljno su velike da u njih pohranite sve na\u0161e knjige uspomena i albume. Imaju magnetsko zatvaranje i ukrasnu ma\u0161nu pa su prikladne i kao poklon kutije.<\/p><p>Za svaku kutiju prona\u0107i \u0107ete razli\u010dite mogu\u0107nosti personalizacije, ali ako ne prona\u0111ete onu koja vam odgovara, mo\u017eete nas kontaktirati, a mi \u0107emo se potruditi do\u010darati vam ba\u0161 onu kutiju kakvu ste zamislili. Za prilago\u0111enu personalizaciju mo\u017eete se obratiti na info@thememobook.si.<\/p>\t\t\t\t\t\t\t\t<\/div>\n\t\t\t\t<\/div>\n\t\t\t\t\t<\/div>\n\t\t\t\t<\/div>\n\t\t<div class=\"elementor-element elementor-element-d5a0ab4 e-flex e-con-boxed e-con e-parent\" data-id=\"d5a0ab4\" data-element_type=\"container\">\n\t\t\t\t\t<div class=\"e-con-inner\">\n\t\t\t\t<div class=\"elementor-element elementor-element-7c0c487 elementor-grid-3 elementor-grid-tablet-3 elementor-grid-mobile-2 elementor-products-grid elementor-wc-products elementor-widget elementor-widget-woocommerce-products\" data-id=\"7c0c487\" data-element_type=\"widget\" data-widget_type=\"woocommerce-products.default\">\n\t\t\t\t<div class=\"elementor-widget-container\">\n\t\t\t\t\t<div class=\"woocommerce columns-3 \"><ul class=\"nm-products products xsmall-block-grid-1 small-block-grid-2 medium-block-grid-3 large-block-grid-3 grid-default layout-centered attributes-position-thumbnail has-action-links\">\n<li class=\"product type-product post-5019 status-publish first instock product_cat-spominska-skatla-hr has-post-thumbnail shipping-taxable purchasable product-type-simple\" data-product-id=\"5019\">\n\t<div class=\"nm-shop-loop-product-wrap\">\n        \n        <div class=\"nm-shop-loop-thumbnail\">\n                        \n            <a href=\"https:\/\/thememobook.si\/hr\/proizvod\/kutija-za-fotografije-i-uspomene\/\" class=\"nm-shop-loop-thumbnail-link woocommerce-LoopProduct-link\">\n            <img fetchpriority=\"high\" decoding=\"async\" src=\"https:\/\/thememobook.si\/wp-content\/themes\/soldo\/assets\/img\/placeholder.png\" data-src=\"https:\/\/thememobook.si\/wp-content\/uploads\/2024\/02\/IMG_6070-e1708554498955-350x349.jpeg\" data-srcset=\"https:\/\/thememobook.si\/wp-content\/uploads\/2024\/02\/IMG_6070-e1708554498955-350x349.jpeg 350w, https:\/\/thememobook.si\/wp-content\/uploads\/2024\/02\/IMG_6070-e1708554498955-300x300.jpeg 300w, https:\/\/thememobook.si\/wp-content\/uploads\/2024\/02\/IMG_6070-e1708554498955-1024x1021.jpeg 1024w, https:\/\/thememobook.si\/wp-content\/uploads\/2024\/02\/IMG_6070-e1708554498955-150x150.jpeg 150w, https:\/\/thememobook.si\/wp-content\/uploads\/2024\/02\/IMG_6070-e1708554498955-768x765.jpeg 768w, https:\/\/thememobook.si\/wp-content\/uploads\/2024\/02\/IMG_6070-e1708554498955-680x678.jpeg 680w, https:\/\/thememobook.si\/wp-content\/uploads\/2024\/02\/IMG_6070-e1708554498955-100x100.jpeg 100w, https:\/\/thememobook.si\/wp-content\/uploads\/2024\/02\/IMG_6070-e1708554498955.jpeg 1182w\" alt=\"\" sizes=\"(max-width: 350px) 100vw, 350px\" width=\"350\" height=\"349\" class=\"attachment-woocommerce_thumbnail size-woocommerce_thumbnail wp-post-image  lazyload\" \/>            <\/a>\n        <\/div>\n        \n        <div class=\"nm-shop-loop-details\">\n            \n            <div class=\"nm-shop-loop-title-price\">\n            <h3 class=\"woocommerce-loop-product__title\"><a href=\"https:\/\/thememobook.si\/hr\/proizvod\/kutija-za-fotografije-i-uspomene\/\" class=\"nm-shop-loop-title-link woocommerce-LoopProduct-link\">Kutija za fotografije i uspomene<\/a><\/h3>\n\t<span class=\"price\"><span class=\"woocommerce-Price-amount amount\"><bdi>19.90&nbsp;<span class=\"woocommerce-Price-currencySymbol\">&euro;<\/span><\/bdi><\/span><\/span>\n            <\/div>\n\n            <div class=\"nm-shop-loop-actions\">\n            <a href=\"https:\/\/thememobook.si\/hr\/proizvod\/kutija-za-fotografije-i-uspomene\/\" data-quantity=\"1\" class=\"button product_type_simple add_to_cart_button\" data-product_id=\"5019\" data-product_sku=\"014\" aria-label=\"Dodaj u ko\u0161aricu: &quot;Kutija za fotografije i uspomene&quot;\" rel=\"nofollow\" data-success_message=\"&quot;Kutija za fotografije i uspomene&quot; je dodan u va\u0161u ko\u0161aricu\">Odaberi opcije<\/a>            <\/div>\n        <\/div>\n        \n            <\/div>\n<\/li>\n<li class=\"product type-product post-5142 status-publish instock product_cat-spominska-skatla-hr has-post-thumbnail shipping-taxable purchasable product-type-simple\" data-product-id=\"5142\">\n\t<div class=\"nm-shop-loop-product-wrap\">\n        \n        <div class=\"nm-shop-loop-thumbnail\">\n                        \n            <a href=\"https:\/\/thememobook.si\/hr\/proizvod\/kutija-uspomena-s-imenom\/\" class=\"nm-shop-loop-thumbnail-link woocommerce-LoopProduct-link\">\n            <img decoding=\"async\" src=\"https:\/\/thememobook.si\/wp-content\/themes\/soldo\/assets\/img\/placeholder.png\" data-src=\"https:\/\/thememobook.si\/wp-content\/uploads\/2023\/09\/DSC_3027-scaled-e1723308613442-350x346.jpg\" data-srcset=\"https:\/\/thememobook.si\/wp-content\/uploads\/2023\/09\/DSC_3027-scaled-e1723308613442-350x346.jpg 350w, https:\/\/thememobook.si\/wp-content\/uploads\/2023\/09\/DSC_3027-scaled-e1723308613442-300x296.jpg 300w, https:\/\/thememobook.si\/wp-content\/uploads\/2023\/09\/DSC_3027-scaled-e1723308613442-1024x1012.jpg 1024w, https:\/\/thememobook.si\/wp-content\/uploads\/2023\/09\/DSC_3027-scaled-e1723308613442-768x759.jpg 768w, https:\/\/thememobook.si\/wp-content\/uploads\/2023\/09\/DSC_3027-scaled-e1723308613442-1536x1518.jpg 1536w, https:\/\/thememobook.si\/wp-content\/uploads\/2023\/09\/DSC_3027-scaled-e1723308613442-680x672.jpg 680w, https:\/\/thememobook.si\/wp-content\/uploads\/2023\/09\/DSC_3027-scaled-e1723308613442-100x100.jpg 100w, https:\/\/thememobook.si\/wp-content\/uploads\/2023\/09\/DSC_3027-scaled-e1723308613442.jpg 1710w\" alt=\"\" sizes=\"(max-width: 350px) 100vw, 350px\" width=\"350\" height=\"346\" class=\"attachment-woocommerce_thumbnail size-woocommerce_thumbnail wp-post-image  lazyload\" \/>            <\/a>\n        <\/div>\n        \n        <div class=\"nm-shop-loop-details\">\n            \n            <div class=\"nm-shop-loop-title-price\">\n            <h3 class=\"woocommerce-loop-product__title\"><a href=\"https:\/\/thememobook.si\/hr\/proizvod\/kutija-uspomena-s-imenom\/\" class=\"nm-shop-loop-title-link woocommerce-LoopProduct-link\">Kutija uspomena s imenom<\/a><\/h3>\n\t<span class=\"price\"><span class=\"woocommerce-Price-amount amount\"><bdi>19.90&nbsp;<span class=\"woocommerce-Price-currencySymbol\">&euro;<\/span><\/bdi><\/span><\/span>\n            <\/div>\n\n            <div class=\"nm-shop-loop-actions\">\n            <a href=\"https:\/\/thememobook.si\/hr\/proizvod\/kutija-uspomena-s-imenom\/\" data-quantity=\"1\" class=\"button product_type_simple add_to_cart_button\" data-product_id=\"5142\" data-product_sku=\"030\" aria-label=\"Dodaj u ko\u0161aricu: &quot;Kutija uspomena s imenom&quot;\" rel=\"nofollow\" data-success_message=\"&quot;Kutija uspomena s imenom&quot; je dodan u va\u0161u ko\u0161aricu\">Odaberi opcije<\/a>            <\/div>\n        <\/div>\n        \n            <\/div>\n<\/li>\n<li class=\"product type-product post-5817 status-publish last instock product_cat-spominska-skatla-hr has-post-thumbnail shipping-taxable purchasable product-type-simple\" data-product-id=\"5817\">\n\t<div class=\"nm-shop-loop-product-wrap\">\n        \n        <div class=\"nm-shop-loop-thumbnail\">\n                        \n            <a href=\"https:\/\/thememobook.si\/hr\/proizvod\/kutija-uspomena-moji-sveti-sakramenti\/\" class=\"nm-shop-loop-thumbnail-link woocommerce-LoopProduct-link\">\n            <img decoding=\"async\" src=\"https:\/\/thememobook.si\/wp-content\/themes\/soldo\/assets\/img\/placeholder.png\" data-src=\"https:\/\/thememobook.si\/wp-content\/uploads\/2023\/10\/DSC_3260-scaled-e1723308726339-350x350.jpg\" data-srcset=\"https:\/\/thememobook.si\/wp-content\/uploads\/2023\/10\/DSC_3260-scaled-e1723308726339-350x350.jpg 350w, https:\/\/thememobook.si\/wp-content\/uploads\/2023\/10\/DSC_3260-scaled-e1723308726339-300x300.jpg 300w, https:\/\/thememobook.si\/wp-content\/uploads\/2023\/10\/DSC_3260-scaled-e1723308726339-1024x1024.jpg 1024w, https:\/\/thememobook.si\/wp-content\/uploads\/2023\/10\/DSC_3260-scaled-e1723308726339-150x150.jpg 150w, https:\/\/thememobook.si\/wp-content\/uploads\/2023\/10\/DSC_3260-scaled-e1723308726339-768x768.jpg 768w, https:\/\/thememobook.si\/wp-content\/uploads\/2023\/10\/DSC_3260-scaled-e1723308726339-1536x1536.jpg 1536w, https:\/\/thememobook.si\/wp-content\/uploads\/2023\/10\/DSC_3260-scaled-e1723308726339-680x680.jpg 680w, https:\/\/thememobook.si\/wp-content\/uploads\/2023\/10\/DSC_3260-scaled-e1723308726339-100x100.jpg 100w, https:\/\/thememobook.si\/wp-content\/uploads\/2023\/10\/DSC_3260-scaled-e1723308726339.jpg 1710w\" alt=\"\" sizes=\"(max-width: 350px) 100vw, 350px\" width=\"350\" height=\"350\" class=\"attachment-woocommerce_thumbnail size-woocommerce_thumbnail wp-post-image  lazyload\" \/>            <\/a>\n        <\/div>\n        \n        <div class=\"nm-shop-loop-details\">\n            \n            <div class=\"nm-shop-loop-title-price\">\n            <h3 class=\"woocommerce-loop-product__title\"><a href=\"https:\/\/thememobook.si\/hr\/proizvod\/kutija-uspomena-moji-sveti-sakramenti\/\" class=\"nm-shop-loop-title-link woocommerce-LoopProduct-link\">Kutija uspomena &#8211; moji sveti sakramenti<\/a><\/h3>\n\t<span class=\"price\"><span class=\"woocommerce-Price-amount amount\"><bdi>19.90&nbsp;<span class=\"woocommerce-Price-currencySymbol\">&euro;<\/span><\/bdi><\/span><\/span>\n            <\/div>\n\n            <div class=\"nm-shop-loop-actions\">\n            <a href=\"https:\/\/thememobook.si\/hr\/proizvod\/kutija-uspomena-moji-sveti-sakramenti\/\" data-quantity=\"1\" class=\"button product_type_simple add_to_cart_button\" data-product_id=\"5817\" data-product_sku=\"031\" aria-label=\"Dodaj u ko\u0161aricu: &quot;Kutija uspomena - moji sveti sakramenti&quot;\" rel=\"nofollow\" data-success_message=\"&quot;Kutija uspomena - moji sveti sakramenti&quot; je dodan u va\u0161u ko\u0161aricu\">Odaberi opcije<\/a>            <\/div>\n        <\/div>\n        \n            <\/div>\n<\/li>\n<li class=\"product type-product post-9499 status-publish first instock product_cat-spominska-skatla-hr has-post-thumbnail shipping-taxable purchasable product-type-simple\" data-product-id=\"9499\">\n\t<div class=\"nm-shop-loop-product-wrap\">\n        \n        <div class=\"nm-shop-loop-thumbnail\">\n                        \n            <a href=\"https:\/\/thememobook.si\/hr\/proizvod\/kutija-uspomena-moje-uspomene\/\" class=\"nm-shop-loop-thumbnail-link woocommerce-LoopProduct-link\">\n            <img loading=\"lazy\" decoding=\"async\" src=\"https:\/\/thememobook.si\/wp-content\/themes\/soldo\/assets\/img\/placeholder.png\" data-src=\"https:\/\/thememobook.si\/wp-content\/uploads\/2023\/09\/DSC_3264-scaled-e1723307361442-350x350.jpg\" data-srcset=\"https:\/\/thememobook.si\/wp-content\/uploads\/2023\/09\/DSC_3264-scaled-e1723307361442-350x350.jpg 350w, https:\/\/thememobook.si\/wp-content\/uploads\/2023\/09\/DSC_3264-scaled-e1723307361442-300x300.jpg 300w, https:\/\/thememobook.si\/wp-content\/uploads\/2023\/09\/DSC_3264-scaled-e1723307361442-1024x1024.jpg 1024w, https:\/\/thememobook.si\/wp-content\/uploads\/2023\/09\/DSC_3264-scaled-e1723307361442-150x150.jpg 150w, https:\/\/thememobook.si\/wp-content\/uploads\/2023\/09\/DSC_3264-scaled-e1723307361442-768x768.jpg 768w, https:\/\/thememobook.si\/wp-content\/uploads\/2023\/09\/DSC_3264-scaled-e1723307361442-1536x1536.jpg 1536w, https:\/\/thememobook.si\/wp-content\/uploads\/2023\/09\/DSC_3264-scaled-e1723307361442-680x680.jpg 680w, https:\/\/thememobook.si\/wp-content\/uploads\/2023\/09\/DSC_3264-scaled-e1723307361442-100x100.jpg 100w, https:\/\/thememobook.si\/wp-content\/uploads\/2023\/09\/DSC_3264-scaled-e1723307361442.jpg 1710w\" alt=\"\" sizes=\"(max-width: 350px) 100vw, 350px\" width=\"350\" height=\"350\" class=\"attachment-woocommerce_thumbnail size-woocommerce_thumbnail wp-post-image  lazyload\" \/>            <\/a>\n        <\/div>\n        \n        <div class=\"nm-shop-loop-details\">\n            \n            <div class=\"nm-shop-loop-title-price\">\n            <h3 class=\"woocommerce-loop-product__title\"><a href=\"https:\/\/thememobook.si\/hr\/proizvod\/kutija-uspomena-moje-uspomene\/\" class=\"nm-shop-loop-title-link woocommerce-LoopProduct-link\">Kutija uspomena &#8211; moje uspomene<\/a><\/h3>\n\t<span class=\"price\"><span class=\"woocommerce-Price-amount amount\"><bdi>19.90&nbsp;<span class=\"woocommerce-Price-currencySymbol\">&euro;<\/span><\/bdi><\/span><\/span>\n            <\/div>\n\n            <div class=\"nm-shop-loop-actions\">\n            <a href=\"https:\/\/thememobook.si\/hr\/proizvod\/kutija-uspomena-moje-uspomene\/\" data-quantity=\"1\" class=\"button product_type_simple add_to_cart_button\" data-product_id=\"9499\" data-product_sku=\"030-1\" aria-label=\"Dodaj u ko\u0161aricu: &quot;Kutija uspomena - moje uspomene&quot;\" rel=\"nofollow\" data-success_message=\"&quot;Kutija uspomena - moje uspomene&quot; je dodan u va\u0161u ko\u0161aricu\">Odaberi opcije<\/a>            <\/div>\n        <\/div>\n        \n            <\/div>\n<\/li>\n<\/ul>\n<\/div>\t\t\t\t<\/div>\n\t\t\t\t<\/div>\n\t\t\t\t\t<\/div>\n\t\t\t\t<\/div>\n\t\t\t\t<\/div>\n\t\t","protected":false},"excerpt":{"rendered":"<p>PERSONALIZIRANE KUTIJE ZA POHRANU USPOMENA Namijenjene su za pohranjivanje raznih dragocjenih suvenira i dovoljno su velike da u njih pohranite sve na\u0161e knjige uspomena i albume. Imaju magnetsko zatvaranje i ukrasnu ma\u0161nu pa su prikladne i kao poklon kutije. Za svaku kutiju prona\u0107i \u0107ete razli\u010dite mogu\u0107nosti personalizacije, ali ako ne prona\u0111ete onu koja vam odgovara, &hellip;<\/p>\n","protected":false},"author":2,"featured_media":0,"parent":0,"menu_order":0,"comment_status":"closed","ping_status":"closed","template":"","meta":{"inline_featured_image":false,"footnotes":""},"class_list":["post-5088","page","type-page","status-publish","hentry"],"jetpack_sharing_enabled":true,"_links":{"self":[{"href":"https:\/\/thememobook.si\/hr\/wp-json\/wp\/v2\/pages\/5088","targetHints":{"allow":["GET"]}}],"collection":[{"href":"https:\/\/thememobook.si\/hr\/wp-json\/wp\/v2\/pages"}],"about":[{"href":"https:\/\/thememobook.si\/hr\/wp-json\/wp\/v2\/types\/page"}],"author":[{"embeddable":true,"href":"https:\/\/thememobook.si\/hr\/wp-json\/wp\/v2\/users\/2"}],"replies":[{"embeddable":true,"href":"https:\/\/thememobook.si\/hr\/wp-json\/wp\/v2\/comments?post=5088"}],"version-history":[{"count":13,"href":"https:\/\/thememobook.si\/hr\/wp-json\/wp\/v2\/pages\/5088\/revisions"}],"predecessor-version":[{"id":9639,"href":"https:\/\/thememobook.si\/hr\/wp-json\/wp\/v2\/pages\/5088\/revisions\/9639"}],"wp:attachment":[{"href":"https:\/\/thememobook.si\/hr\/wp-json\/wp\/v2\/media?parent=5088"}],"curies":[{"name":"wp","href":"https:\/\/api.w.org\/{rel}","templated":true}]}}