{"id":3327,"date":"2015-08-12T12:27:19","date_gmt":"2015-08-12T10:27:19","guid":{"rendered":"https:\/\/thememobook.si\/o-nas\/"},"modified":"2023-10-27T17:07:40","modified_gmt":"2023-10-27T15:07:40","slug":"o-nama","status":"publish","type":"page","link":"https:\/\/thememobook.si\/hr\/o-nama\/","title":{"rendered":"O nama"},"content":{"rendered":"\t\t<div data-elementor-type=\"wp-page\" data-elementor-id=\"3327\" class=\"elementor elementor-3327 elementor-358\">\n\t\t\t\t<div class=\"elementor-element elementor-element-04e817a e-flex e-con-boxed e-con e-parent\" data-id=\"04e817a\" data-element_type=\"container\">\n\t\t\t\t\t<div class=\"e-con-inner\">\n\t\t<div class=\"elementor-element elementor-element-800ec23 e-con-full e-flex e-con e-parent\" data-id=\"800ec23\" data-element_type=\"container\">\n\t\t\t\t<div class=\"elementor-element elementor-element-2718e14 elementor-widget elementor-widget-image\" data-id=\"2718e14\" data-element_type=\"widget\" data-widget_type=\"image.default\">\n\t\t\t\t<div class=\"elementor-widget-container\">\n\t\t\t\t\t\t\t\t\t\t\t\t\t\t\t<img fetchpriority=\"high\" decoding=\"async\" width=\"683\" height=\"1024\" src=\"https:\/\/thememobook.si\/wp-content\/uploads\/2023\/01\/img-on-nas-683x1024.jpg\" class=\"attachment-large size-large wp-image-2556\" alt=\"\" srcset=\"https:\/\/thememobook.si\/wp-content\/uploads\/2023\/01\/img-on-nas-683x1024.jpg 683w, https:\/\/thememobook.si\/wp-content\/uploads\/2023\/01\/img-on-nas-200x300.jpg 200w, https:\/\/thememobook.si\/wp-content\/uploads\/2023\/01\/img-on-nas-768x1152.jpg 768w, https:\/\/thememobook.si\/wp-content\/uploads\/2023\/01\/img-on-nas-1024x1536.jpg 1024w, https:\/\/thememobook.si\/wp-content\/uploads\/2023\/01\/img-on-nas-350x525.jpg 350w, https:\/\/thememobook.si\/wp-content\/uploads\/2023\/01\/img-on-nas-680x1020.jpg 680w, https:\/\/thememobook.si\/wp-content\/uploads\/2023\/01\/img-on-nas.jpg 1200w\" sizes=\"(max-width: 683px) 100vw, 683px\" \/>\t\t\t\t\t\t\t\t\t\t\t\t\t\t\t<\/div>\n\t\t\t\t<\/div>\n\t\t\t\t<\/div>\n\t\t<div class=\"elementor-element elementor-element-167e696 e-con-full e-flex e-con e-parent\" data-id=\"167e696\" data-element_type=\"container\">\n\t\t\t\t<div class=\"elementor-element elementor-element-1bbd165 elementor-widget elementor-widget-heading\" data-id=\"1bbd165\" data-element_type=\"widget\" data-widget_type=\"heading.default\">\n\t\t\t\t<div class=\"elementor-widget-container\">\n\t\t\t\t\t<h2 class=\"elementor-heading-title elementor-size-default\">Dobrodo\u0161li!<\/h2>\t\t\t\t<\/div>\n\t\t\t\t<\/div>\n\t\t\t\t<div class=\"elementor-element elementor-element-2d86304 elementor-widget elementor-widget-text-editor\" data-id=\"2d86304\" data-element_type=\"widget\" data-widget_type=\"text-editor.default\">\n\t\t\t\t<div class=\"elementor-widget-container\">\n\t\t\t\t\t\t\t\t\t<p>Pod brendom <strong>The Memo Book prona\u0107i \u0107ete proizvode \u00a0za \u010duvanje uspomena<\/strong>. Na\u0161a je vizija stvoriti visokokvalitetne proizvode koji su dizajnirani da traju i da \u0107e jih listati i sljede\u0107e generacije va\u0161e obitelji.<\/p><p>Dizajnirani su smjernicama minimalizma i vje\u010dnosti\u00a0 jer \u017eelimo da ostabu moderni jo\u0161 dugo godina.<\/p>\t\t\t\t\t\t\t\t<\/div>\n\t\t\t\t<\/div>\n\t\t\t\t<\/div>\n\t\t\t\t\t<\/div>\n\t\t\t\t<\/div>\n\t\t<div class=\"elementor-element elementor-element-2f1cf26 e-flex e-con-boxed e-con e-parent\" data-id=\"2f1cf26\" data-element_type=\"container\">\n\t\t\t\t\t<div class=\"e-con-inner\">\n\t\t<div class=\"elementor-element elementor-element-8115b78 e-con-full e-flex e-con e-parent\" data-id=\"8115b78\" data-element_type=\"container\">\n\t\t\t\t<div class=\"elementor-element elementor-element-dfca48c elementor-widget elementor-widget-heading\" data-id=\"dfca48c\" data-element_type=\"widget\" data-widget_type=\"heading.default\">\n\t\t\t\t<div class=\"elementor-widget-container\">\n\t\t\t\t\t<h2 class=\"elementor-heading-title elementor-size-default\">Est. 2020<\/h2>\t\t\t\t<\/div>\n\t\t\t\t<\/div>\n\t\t\t\t<div class=\"elementor-element elementor-element-cc718f2 elementor-widget elementor-widget-text-editor\" data-id=\"cc718f2\" data-element_type=\"widget\" data-widget_type=\"text-editor.default\">\n\t\t\t\t<div class=\"elementor-widget-container\">\n\t\t\t\t\t\t\t\t\t<p>Na\u0161a pri\u010da je po\u010dela <strong>2020<\/strong> godine kad sam prvi put postala majka. Tra\u017eila sam radosnicu u koju bi mogla zabilje\u017eiti djetetove prve trenutke, na\u0161e obiteljske uspomene, va\u017ene prekretnice i proslave ro\u0111endana na jednom mjestu te na kraju\u00a0 pokloniti sve te neprocjenjive uspomene svom djetetu na njegov 18. ro\u0111endan.<br \/><br \/>Jer takvog albuma nisam na\u0161la rodila se ideja o knjigi uspomena <strong>Mojih 18 godina<\/strong>, koju smo osnovali po konceptu 3v1. To zna\u010di da je knjiga dnevnik trudno\u0107e, radosnica za bebu i dje\u010dji album u jednom. Kad djete napuni 18 godina knjiga \u0107e postati najlep\u0161i poklon koji mu mo\u017eete dati.<\/p><p>S vremenom smo ponudu pro\u0161irivali i dodavali personalizirane albume i ostale proizvode za pohranu dragocjenih uspomena.<\/p>\t\t\t\t\t\t\t\t<\/div>\n\t\t\t\t<\/div>\n\t\t\t\t<\/div>\n\t\t<div class=\"elementor-element elementor-element-7d7c27a e-con-full e-flex e-con e-parent\" data-id=\"7d7c27a\" data-element_type=\"container\">\n\t\t\t\t<div class=\"elementor-element elementor-element-3ad0fcd elementor-widget elementor-widget-image\" data-id=\"3ad0fcd\" data-element_type=\"widget\" data-widget_type=\"image.default\">\n\t\t\t\t<div class=\"elementor-widget-container\">\n\t\t\t\t\t\t\t\t\t\t\t\t\t\t\t<img decoding=\"async\" width=\"684\" height=\"1024\" src=\"https:\/\/thememobook.si\/wp-content\/uploads\/2023\/06\/TMB-ABOUT-US-684x1024.jpg\" class=\"attachment-large size-large wp-image-3685\" alt=\"\" srcset=\"https:\/\/thememobook.si\/wp-content\/uploads\/2023\/06\/TMB-ABOUT-US-684x1024.jpg 684w, https:\/\/thememobook.si\/wp-content\/uploads\/2023\/06\/TMB-ABOUT-US-200x300.jpg 200w, https:\/\/thememobook.si\/wp-content\/uploads\/2023\/06\/TMB-ABOUT-US-768x1151.jpg 768w, https:\/\/thememobook.si\/wp-content\/uploads\/2023\/06\/TMB-ABOUT-US-1025x1536.jpg 1025w, https:\/\/thememobook.si\/wp-content\/uploads\/2023\/06\/TMB-ABOUT-US-350x524.jpg 350w, https:\/\/thememobook.si\/wp-content\/uploads\/2023\/06\/TMB-ABOUT-US-680x1019.jpg 680w, https:\/\/thememobook.si\/wp-content\/uploads\/2023\/06\/TMB-ABOUT-US.jpg 1367w\" sizes=\"(max-width: 684px) 100vw, 684px\" \/>\t\t\t\t\t\t\t\t\t\t\t\t\t\t\t<\/div>\n\t\t\t\t<\/div>\n\t\t\t\t<\/div>\n\t\t\t\t\t<\/div>\n\t\t\t\t<\/div>\n\t\t\t\t<\/div>\n\t\t","protected":false},"excerpt":{"rendered":"<p>Dobrodo\u0161li! Pod brendom The Memo Book prona\u0107i \u0107ete proizvode \u00a0za \u010duvanje uspomena. Na\u0161a je vizija stvoriti visokokvalitetne proizvode koji su dizajnirani da traju i da \u0107e jih listati i sljede\u0107e generacije va\u0161e obitelji. Dizajnirani su smjernicama minimalizma i vje\u010dnosti\u00a0 jer \u017eelimo da ostabu moderni jo\u0161 dugo godina. Est. 2020 Na\u0161a pri\u010da je po\u010dela 2020 godine &hellip;<\/p>\n","protected":false},"author":1,"featured_media":0,"parent":0,"menu_order":0,"comment_status":"closed","ping_status":"closed","template":"","meta":{"inline_featured_image":false,"footnotes":""},"class_list":["post-3327","page","type-page","status-publish","hentry"],"jetpack_sharing_enabled":true,"_links":{"self":[{"href":"https:\/\/thememobook.si\/hr\/wp-json\/wp\/v2\/pages\/3327","targetHints":{"allow":["GET"]}}],"collection":[{"href":"https:\/\/thememobook.si\/hr\/wp-json\/wp\/v2\/pages"}],"about":[{"href":"https:\/\/thememobook.si\/hr\/wp-json\/wp\/v2\/types\/page"}],"author":[{"embeddable":true,"href":"https:\/\/thememobook.si\/hr\/wp-json\/wp\/v2\/users\/1"}],"replies":[{"embeddable":true,"href":"https:\/\/thememobook.si\/hr\/wp-json\/wp\/v2\/comments?post=3327"}],"version-history":[{"count":37,"href":"https:\/\/thememobook.si\/hr\/wp-json\/wp\/v2\/pages\/3327\/revisions"}],"predecessor-version":[{"id":4256,"href":"https:\/\/thememobook.si\/hr\/wp-json\/wp\/v2\/pages\/3327\/revisions\/4256"}],"wp:attachment":[{"href":"https:\/\/thememobook.si\/hr\/wp-json\/wp\/v2\/media?parent=3327"}],"curies":[{"name":"wp","href":"https:\/\/api.w.org\/{rel}","templated":true}]}}