{"id":3107,"date":"2022-12-28T20:58:30","date_gmt":"2022-12-28T19:58:30","guid":{"rendered":"https:\/\/thememobook.si\/domov\/"},"modified":"2026-02-03T15:16:40","modified_gmt":"2026-02-03T14:16:40","slug":"domov","status":"publish","type":"page","link":"https:\/\/thememobook.si\/hr\/","title":{"rendered":"Po\u0107etna"},"content":{"rendered":"\t\t<div data-elementor-type=\"wp-page\" data-elementor-id=\"3107\" class=\"elementor elementor-3107 elementor-2\">\n\t\t\t\t<div class=\"elementor-element elementor-element-2e8c805 e-flex e-con-boxed e-con e-parent\" data-id=\"2e8c805\" data-element_type=\"container\" data-settings=\"{&quot;background_background&quot;:&quot;slideshow&quot;,&quot;background_slideshow_gallery&quot;:[{&quot;id&quot;:4724,&quot;url&quot;:&quot;https:\\\/\\\/thememobook.si\\\/wp-content\\\/uploads\\\/2024\\\/01\\\/TMB-24-scaled.jpg&quot;},{&quot;id&quot;:4722,&quot;url&quot;:&quot;https:\\\/\\\/thememobook.si\\\/wp-content\\\/uploads\\\/2024\\\/01\\\/TMB-23-scaled.jpg&quot;}],&quot;background_slideshow_loop&quot;:&quot;yes&quot;,&quot;background_slideshow_slide_duration&quot;:5000,&quot;background_slideshow_slide_transition&quot;:&quot;fade&quot;,&quot;background_slideshow_transition_duration&quot;:500}\">\n\t\t\t\t\t<div class=\"e-con-inner\">\n\t\t<div class=\"elementor-element elementor-element-e717f7a e-flex e-con-boxed e-con e-child\" data-id=\"e717f7a\" data-element_type=\"container\" data-settings=\"{&quot;background_background&quot;:&quot;classic&quot;}\">\n\t\t\t\t\t<div class=\"e-con-inner\">\n\t\t\t\t<div class=\"elementor-element elementor-element-4c70af6 elementor-widget elementor-widget-heading\" data-id=\"4c70af6\" data-element_type=\"widget\" data-widget_type=\"heading.default\">\n\t\t\t\t<div class=\"elementor-widget-container\">\n\t\t\t\t\t<h1 class=\"elementor-heading-title elementor-size-default\">Mojih 18 godina<\/h1>\t\t\t\t<\/div>\n\t\t\t\t<\/div>\n\t\t\t\t<div class=\"elementor-element elementor-element-72797f5 elementor-widget elementor-widget-heading\" data-id=\"72797f5\" data-element_type=\"widget\" data-widget_type=\"heading.default\">\n\t\t\t\t<div class=\"elementor-widget-container\">\n\t\t\t\t\t<p class=\"elementor-heading-title elementor-size-default\">Personalizirana dje\u010dja knjiga uspomena koja postaje va\u0161 najbolji poklon djetetu za 18. ro\u0111endan.<\/p>\t\t\t\t<\/div>\n\t\t\t\t<\/div>\n\t\t\t\t<div class=\"elementor-element elementor-element-f0302a2 elementor-align-center elementor-widget elementor-widget-button\" data-id=\"f0302a2\" data-element_type=\"widget\" data-widget_type=\"button.default\">\n\t\t\t\t<div class=\"elementor-widget-container\">\n\t\t\t\t\t\t\t\t\t<div class=\"elementor-button-wrapper\">\n\t\t\t\t\t<a class=\"elementor-button elementor-button-link elementor-size-sm\" href=\"https:\/\/thememobook.si\/hr\/trgovina\/\">\n\t\t\t\t\t\t<span class=\"elementor-button-content-wrapper\">\n\t\t\t\t\t\t\t\t\t<span class=\"elementor-button-text\">Kupi knjigu<\/span>\n\t\t\t\t\t<\/span>\n\t\t\t\t\t<\/a>\n\t\t\t\t<\/div>\n\t\t\t\t\t\t\t\t<\/div>\n\t\t\t\t<\/div>\n\t\t\t\t\t<\/div>\n\t\t\t\t<\/div>\n\t\t\t\t\t<\/div>\n\t\t\t\t<\/div>\n\t\t<div class=\"elementor-element elementor-element-728f03a e-flex e-con-boxed e-con e-parent\" data-id=\"728f03a\" data-element_type=\"container\" data-settings=\"{&quot;background_background&quot;:&quot;classic&quot;}\">\n\t\t\t\t\t<div class=\"e-con-inner\">\n\t\t\t\t<div class=\"elementor-element elementor-element-d4f3c4a elementor-widget elementor-widget-heading\" data-id=\"d4f3c4a\" data-element_type=\"widget\" data-widget_type=\"heading.default\">\n\t\t\t\t<div class=\"elementor-widget-container\">\n\t\t\t\t\t<h2 class=\"elementor-heading-title elementor-size-default\">18 godina lijepih uspomena<\/h2>\t\t\t\t<\/div>\n\t\t\t\t<\/div>\n\t\t\t\t<div class=\"elementor-element elementor-element-c9586c2 elementor-widget elementor-widget-text-editor\" data-id=\"c9586c2\" data-element_type=\"widget\" data-widget_type=\"text-editor.default\">\n\t\t\t\t<div class=\"elementor-widget-container\">\n\t\t\t\t\t\t\t\t\t<p>Knjiga Mojih 18 godina osmi\u0161ljena je po konceptu <strong>3u1<\/strong>, \u0161to zna\u010di da je trudni\u0107ki, bebin i dje\u010dji album u jednom. Birati mo\u017eete izme\u0111u 5 razli\u010ditih boja korica, 5 razli\u010ditih motiva, napisati ime djeteta i odrediti boju natpisa. Ukupno vam nudimo \u010dak <strong>50 razli\u010ditih kombinacija<\/strong>!<\/p>\t\t\t\t\t\t\t\t<\/div>\n\t\t\t\t<\/div>\n\t\t\t\t\t<\/div>\n\t\t\t\t<\/div>\n\t\t<div class=\"elementor-element elementor-element-70886c3 e-flex e-con-boxed e-con e-parent\" data-id=\"70886c3\" data-element_type=\"container\">\n\t\t\t\t\t<div class=\"e-con-inner\">\n\t\t\t\t<div class=\"elementor-element elementor-element-9570c9f elementor-widget elementor-widget-heading\" data-id=\"9570c9f\" data-element_type=\"widget\" data-widget_type=\"heading.default\">\n\t\t\t\t<div class=\"elementor-widget-container\">\n\t\t\t\t\t<h2 class=\"elementor-heading-title elementor-size-default\">Personalizirani pokloni<\/h2>\t\t\t\t<\/div>\n\t\t\t\t<\/div>\n\t\t\t\t<div class=\"elementor-element elementor-element-dbe3f8e elementor-widget elementor-widget-nm-products\" data-id=\"dbe3f8e\" data-element_type=\"widget\" data-widget_type=\"nm-products.default\">\n\t\t\t\t<div class=\"elementor-widget-container\">\n\t\t\t\t\t<div class=\"nm-elementor-products-widget\"><div class=\"woocommerce columns-3 \"><ul class=\"nm-products products xsmall-block-grid-1 small-block-grid-2 medium-block-grid-3 large-block-grid-3 grid-default layout-centered attributes-position-thumbnail has-action-links\">\n<li class=\"product type-product post-9499 status-publish first instock product_cat-spominska-skatla-hr has-post-thumbnail shipping-taxable purchasable product-type-simple\" data-product-id=\"9499\">\n\t<div class=\"nm-shop-loop-product-wrap\">\n        \n        <div class=\"nm-shop-loop-thumbnail\">\n                        \n            <a href=\"https:\/\/thememobook.si\/hr\/proizvod\/kutija-uspomena-moje-uspomene\/\" class=\"nm-shop-loop-thumbnail-link woocommerce-LoopProduct-link\">\n            <img fetchpriority=\"high\" decoding=\"async\" src=\"https:\/\/thememobook.si\/wp-content\/themes\/soldo\/assets\/img\/placeholder.png\" data-src=\"https:\/\/thememobook.si\/wp-content\/uploads\/2023\/09\/DSC_3264-scaled-e1723307361442-350x350.jpg\" data-srcset=\"https:\/\/thememobook.si\/wp-content\/uploads\/2023\/09\/DSC_3264-scaled-e1723307361442-350x350.jpg 350w, https:\/\/thememobook.si\/wp-content\/uploads\/2023\/09\/DSC_3264-scaled-e1723307361442-300x300.jpg 300w, https:\/\/thememobook.si\/wp-content\/uploads\/2023\/09\/DSC_3264-scaled-e1723307361442-1024x1024.jpg 1024w, https:\/\/thememobook.si\/wp-content\/uploads\/2023\/09\/DSC_3264-scaled-e1723307361442-150x150.jpg 150w, https:\/\/thememobook.si\/wp-content\/uploads\/2023\/09\/DSC_3264-scaled-e1723307361442-768x768.jpg 768w, https:\/\/thememobook.si\/wp-content\/uploads\/2023\/09\/DSC_3264-scaled-e1723307361442-1536x1536.jpg 1536w, https:\/\/thememobook.si\/wp-content\/uploads\/2023\/09\/DSC_3264-scaled-e1723307361442-680x680.jpg 680w, https:\/\/thememobook.si\/wp-content\/uploads\/2023\/09\/DSC_3264-scaled-e1723307361442-100x100.jpg 100w, https:\/\/thememobook.si\/wp-content\/uploads\/2023\/09\/DSC_3264-scaled-e1723307361442.jpg 1710w\" alt=\"\" sizes=\"(max-width: 350px) 100vw, 350px\" width=\"350\" height=\"350\" class=\"attachment-woocommerce_thumbnail size-woocommerce_thumbnail wp-post-image  lazyload\" \/>            <\/a>\n        <\/div>\n        \n        <div class=\"nm-shop-loop-details\">\n            \n            <div class=\"nm-shop-loop-title-price\">\n            <h3 class=\"woocommerce-loop-product__title\"><a href=\"https:\/\/thememobook.si\/hr\/proizvod\/kutija-uspomena-moje-uspomene\/\" class=\"nm-shop-loop-title-link woocommerce-LoopProduct-link\">Kutija uspomena &#8211; moje uspomene<\/a><\/h3>\n\t<span class=\"price\"><span class=\"woocommerce-Price-amount amount\"><bdi>19.90&nbsp;<span class=\"woocommerce-Price-currencySymbol\">&euro;<\/span><\/bdi><\/span><\/span>\n            <\/div>\n\n            <div class=\"nm-shop-loop-actions\">\n            <a href=\"https:\/\/thememobook.si\/hr\/proizvod\/kutija-uspomena-moje-uspomene\/\" data-quantity=\"1\" class=\"button product_type_simple add_to_cart_button\" data-product_id=\"9499\" data-product_sku=\"030-1\" aria-label=\"Dodaj u ko\u0161aricu: &quot;Kutija uspomena - moje uspomene&quot;\" rel=\"nofollow\" data-success_message=\"&quot;Kutija uspomena - moje uspomene&quot; je dodan u va\u0161u ko\u0161aricu\">Odaberi opcije<\/a>            <\/div>\n        <\/div>\n        \n            <\/div>\n<\/li>\n<li class=\"product type-product post-7742 status-publish instock product_cat-knjiga-hr has-post-thumbnail shipping-taxable purchasable product-type-simple\" data-product-id=\"7742\">\n\t<div class=\"nm-shop-loop-product-wrap\">\n        \n        <div class=\"nm-shop-loop-thumbnail\">\n                        \n            <a href=\"https:\/\/thememobook.si\/hr\/proizvod\/album-za-djevojacku\/\" class=\"nm-shop-loop-thumbnail-link woocommerce-LoopProduct-link\">\n            <img decoding=\"async\" src=\"https:\/\/thememobook.si\/wp-content\/themes\/soldo\/assets\/img\/placeholder.png\" data-src=\"https:\/\/thememobook.si\/wp-content\/uploads\/2025\/03\/IMG_8586-scaled-e1742232146918-350x350.jpg\" data-srcset=\"https:\/\/thememobook.si\/wp-content\/uploads\/2025\/03\/IMG_8586-scaled-e1742232146918-350x350.jpg 350w, https:\/\/thememobook.si\/wp-content\/uploads\/2025\/03\/IMG_8586-scaled-e1742232146918-300x300.jpg 300w, https:\/\/thememobook.si\/wp-content\/uploads\/2025\/03\/IMG_8586-scaled-e1742232146918-1024x1024.jpg 1024w, https:\/\/thememobook.si\/wp-content\/uploads\/2025\/03\/IMG_8586-scaled-e1742232146918-150x150.jpg 150w, https:\/\/thememobook.si\/wp-content\/uploads\/2025\/03\/IMG_8586-scaled-e1742232146918-768x768.jpg 768w, https:\/\/thememobook.si\/wp-content\/uploads\/2025\/03\/IMG_8586-scaled-e1742232146918-1536x1536.jpg 1536w, https:\/\/thememobook.si\/wp-content\/uploads\/2025\/03\/IMG_8586-scaled-e1742232146918-680x680.jpg 680w, https:\/\/thememobook.si\/wp-content\/uploads\/2025\/03\/IMG_8586-scaled-e1742232146918-100x100.jpg 100w, https:\/\/thememobook.si\/wp-content\/uploads\/2025\/03\/IMG_8586-scaled-e1742232146918.jpg 1600w\" alt=\"\" sizes=\"(max-width: 350px) 100vw, 350px\" width=\"350\" height=\"350\" class=\"attachment-woocommerce_thumbnail size-woocommerce_thumbnail wp-post-image  lazyload\" \/>            <\/a>\n        <\/div>\n        \n        <div class=\"nm-shop-loop-details\">\n            \n            <div class=\"nm-shop-loop-title-price\">\n            <h3 class=\"woocommerce-loop-product__title\"><a href=\"https:\/\/thememobook.si\/hr\/proizvod\/album-za-djevojacku\/\" class=\"nm-shop-loop-title-link woocommerce-LoopProduct-link\">Album za djevoja\u010dku<\/a><\/h3>\n\t<span class=\"price\"><span class=\"woocommerce-Price-amount amount\"><bdi>24.90&nbsp;<span class=\"woocommerce-Price-currencySymbol\">&euro;<\/span><\/bdi><\/span><\/span>\n            <\/div>\n\n            <div class=\"nm-shop-loop-actions\">\n            <a href=\"https:\/\/thememobook.si\/hr\/proizvod\/album-za-djevojacku\/\" data-quantity=\"1\" class=\"button product_type_simple add_to_cart_button\" data-product_id=\"7742\" data-product_sku=\"008\" aria-label=\"Dodaj u ko\u0161aricu: &quot;Album za djevoja\u010dku&quot;\" rel=\"nofollow\" data-success_message=\"&quot;Album za djevoja\u010dku&quot; je dodan u va\u0161u ko\u0161aricu\">Odaberi opcije<\/a>            <\/div>\n        <\/div>\n        \n            <\/div>\n<\/li>\n<li class=\"product type-product post-7983 status-publish last instock product_cat-knjiga-hr product_cat-spominska-skatla-hr has-post-thumbnail shipping-taxable purchasable product-type-simple\" data-product-id=\"7983\">\n\t<div class=\"nm-shop-loop-product-wrap\">\n        \n        <div class=\"nm-shop-loop-thumbnail\">\n                        \n            <a href=\"https:\/\/thememobook.si\/hr\/proizvod\/poklon-set-za-djevojacku\/\" class=\"nm-shop-loop-thumbnail-link woocommerce-LoopProduct-link\">\n            <img decoding=\"async\" src=\"https:\/\/thememobook.si\/wp-content\/themes\/soldo\/assets\/img\/placeholder.png\" data-src=\"https:\/\/thememobook.si\/wp-content\/uploads\/2025\/03\/img_8097-scaled-e1742232732560-350x350.jpeg\" data-srcset=\"https:\/\/thememobook.si\/wp-content\/uploads\/2025\/03\/img_8097-scaled-e1742232732560-350x350.jpeg 350w, https:\/\/thememobook.si\/wp-content\/uploads\/2025\/03\/img_8097-scaled-e1742232732560-300x300.jpeg 300w, https:\/\/thememobook.si\/wp-content\/uploads\/2025\/03\/img_8097-scaled-e1742232732560-1024x1024.jpeg 1024w, https:\/\/thememobook.si\/wp-content\/uploads\/2025\/03\/img_8097-scaled-e1742232732560-150x150.jpeg 150w, https:\/\/thememobook.si\/wp-content\/uploads\/2025\/03\/img_8097-scaled-e1742232732560-768x768.jpeg 768w, https:\/\/thememobook.si\/wp-content\/uploads\/2025\/03\/img_8097-scaled-e1742232732560-1536x1536.jpeg 1536w, https:\/\/thememobook.si\/wp-content\/uploads\/2025\/03\/img_8097-scaled-e1742232732560-2048x2048.jpeg 2048w, https:\/\/thememobook.si\/wp-content\/uploads\/2025\/03\/img_8097-scaled-e1742232732560-680x680.jpeg 680w, https:\/\/thememobook.si\/wp-content\/uploads\/2025\/03\/img_8097-scaled-e1742232732560-100x100.jpeg 100w\" alt=\"\" sizes=\"(max-width: 350px) 100vw, 350px\" width=\"350\" height=\"350\" class=\"attachment-woocommerce_thumbnail size-woocommerce_thumbnail wp-post-image  lazyload\" \/>            <\/a>\n        <\/div>\n        \n        <div class=\"nm-shop-loop-details\">\n            \n            <div class=\"nm-shop-loop-title-price\">\n            <h3 class=\"woocommerce-loop-product__title\"><a href=\"https:\/\/thememobook.si\/hr\/proizvod\/poklon-set-za-djevojacku\/\" class=\"nm-shop-loop-title-link woocommerce-LoopProduct-link\">Poklon set za &#8216;Djevoja\u010dku&#8217;<\/a><\/h3>\n\t<span class=\"price\"><span class=\"woocommerce-Price-amount amount\"><bdi>44.80&nbsp;<span class=\"woocommerce-Price-currencySymbol\">&euro;<\/span><\/bdi><\/span><\/span>\n            <\/div>\n\n            <div class=\"nm-shop-loop-actions\">\n            <a href=\"https:\/\/thememobook.si\/hr\/proizvod\/poklon-set-za-djevojacku\/\" data-quantity=\"1\" class=\"button product_type_simple add_to_cart_button\" data-product_id=\"7983\" data-product_sku=\"018\" aria-label=\"Dodaj u ko\u0161aricu: &quot;Poklon set za &#039;Djevoja\u010dku&#039;&quot;\" rel=\"nofollow\" data-success_message=\"&quot;Poklon set za &#039;Djevoja\u010dku&#039;&quot; je dodan u va\u0161u ko\u0161aricu\">Odaberi opcije<\/a>            <\/div>\n        <\/div>\n        \n            <\/div>\n<\/li>\n<\/ul>\n<\/div><\/div>\t\t\t\t<\/div>\n\t\t\t\t<\/div>\n\t\t\t\t\t<\/div>\n\t\t\t\t<\/div>\n\t\t\t\t<\/div>\n\t\t","protected":false},"excerpt":{"rendered":"<p>Mojih 18 godina Personalizirana dje\u010dja knjiga uspomena koja postaje va\u0161 najbolji poklon djetetu za 18. ro\u0111endan. Kupi knjigu 18 godina lijepih uspomena Knjiga Mojih 18 godina osmi\u0161ljena je po konceptu 3u1, \u0161to zna\u010di da je trudni\u0107ki, bebin i dje\u010dji album u jednom. Birati mo\u017eete izme\u0111u 5 razli\u010ditih boja korica, 5 razli\u010ditih motiva, napisati ime djeteta &hellip;<\/p>\n","protected":false},"author":1,"featured_media":0,"parent":0,"menu_order":0,"comment_status":"closed","ping_status":"closed","template":"","meta":{"inline_featured_image":false,"footnotes":""},"class_list":["post-3107","page","type-page","status-publish","hentry"],"jetpack_sharing_enabled":true,"_links":{"self":[{"href":"https:\/\/thememobook.si\/hr\/wp-json\/wp\/v2\/pages\/3107","targetHints":{"allow":["GET"]}}],"collection":[{"href":"https:\/\/thememobook.si\/hr\/wp-json\/wp\/v2\/pages"}],"about":[{"href":"https:\/\/thememobook.si\/hr\/wp-json\/wp\/v2\/types\/page"}],"author":[{"embeddable":true,"href":"https:\/\/thememobook.si\/hr\/wp-json\/wp\/v2\/users\/1"}],"replies":[{"embeddable":true,"href":"https:\/\/thememobook.si\/hr\/wp-json\/wp\/v2\/comments?post=3107"}],"version-history":[{"count":33,"href":"https:\/\/thememobook.si\/hr\/wp-json\/wp\/v2\/pages\/3107\/revisions"}],"predecessor-version":[{"id":9579,"href":"https:\/\/thememobook.si\/hr\/wp-json\/wp\/v2\/pages\/3107\/revisions\/9579"}],"wp:attachment":[{"href":"https:\/\/thememobook.si\/hr\/wp-json\/wp\/v2\/media?parent=3107"}],"curies":[{"name":"wp","href":"https:\/\/api.w.org\/{rel}","templated":true}]}}